{"id":3442,"date":"2024-12-01T13:01:37","date_gmt":"2024-12-01T12:01:37","guid":{"rendered":"https:\/\/www.woodenshoes.nl\/talleres-de-pintura\/"},"modified":"2025-03-10T15:27:59","modified_gmt":"2025-03-10T14:27:59","slug":"talleres-de-pintura","status":"publish","type":"page","link":"https:\/\/www.woodenshoes.nl\/es\/talleres-de-pintura\/","title":{"rendered":"Taller de pintura"},"content":{"rendered":"<div class=\"fusion-fullwidth fullwidth-box fusion-builder-row-1 fusion-flex-container has-pattern-background has-mask-background nonhundred-percent-fullwidth non-hundred-percent-height-scrolling\" style=\"--awb-border-radius-top-left:0px;--awb-border-radius-top-right:0px;--awb-border-radius-bottom-right:0px;--awb-border-radius-bottom-left:0px;--awb-flex-wrap:wrap;\" ><div class=\"fusion-builder-row fusion-row fusion-flex-align-items-center fusion-flex-justify-content-center fusion-flex-content-wrap\" style=\"max-width:1248px;margin-left: calc(-4% \/ 2 );margin-right: calc(-4% \/ 2 );\"><div class=\"fusion-layout-column fusion_builder_column fusion-builder-column-0 fusion_builder_column_1_1 1_1 fusion-flex-column\" style=\"--awb-bg-size:cover;--awb-width-large:100%;--awb-margin-top-large:0px;--awb-spacing-right-large:1.92%;--awb-margin-bottom-large:20px;--awb-spacing-left-large:1.92%;--awb-width-medium:100%;--awb-order-medium:0;--awb-spacing-right-medium:1.92%;--awb-spacing-left-medium:1.92%;--awb-width-small:100%;--awb-order-small:0;--awb-spacing-right-small:1.92%;--awb-spacing-left-small:1.92%;\"><div class=\"fusion-column-wrapper fusion-column-has-shadow fusion-flex-justify-content-flex-start fusion-content-layout-column\"><div class=\"fusion-text fusion-text-1\"><h2 style=\"text-align: center;\">Da rienda suelta a tu creatividad:<br \/>\n\u00a1Participa en nuestro taller de pintura de zapatos de madera!<\/h2>\n<\/div><div class=\"fusion-text fusion-text-2\"><p style=\"text-align: center;\"><strong>Compra tus entradas aqu\u00ed:<\/strong><\/p>\n<\/div><div style=\"text-align:center;\"><a class=\"fusion-button button-flat button-medium button-custom fusion-button-default button-1 fusion-button-span-no \" style=\"--button_accent_color:#496955;--button_border_color:#496955;--button_accent_hover_color:var(--awb-color1);--button_border_hover_color:var(--awb-color1);--button_border_width-top:2px;--button_border_width-right:2px;--button_border_width-bottom:2px;--button_border_width-left:2px;--button_gradient_top_color:rgba(255,255,255,0);--button_gradient_bottom_color:rgba(255,255,255,0);--button_gradient_top_color_hover:#496955;--button_gradient_bottom_color_hover:#496955;--button_text_transform:uppercase;--button_typography-letter-spacing:var(--awb-typography1-letter-spacing);--button_typography-font-family:&quot;Barlow&quot;;--button_typography-font-style:normal;--button_typography-font-weight:600;\" target=\"_blank\" rel=\"noopener noreferrer\" href=\"https:\/\/tickets.clogs.nl\/en-US\/tickets\"><span class=\"fusion-button-icon-divider button-icon-divider-left\"><i class=\"fa-arrow-right fas\" aria-hidden=\"true\"><\/i><\/span><span class=\"fusion-button-text fusion-button-text-left\">comprar entradas<\/span><\/a><\/div><\/div><\/div><div class=\"fusion-layout-column fusion_builder_column fusion-builder-column-1 fusion_builder_column_1_3 1_3 fusion-flex-column\" style=\"--awb-bg-size:cover;--awb-width-large:33.333333333333%;--awb-margin-top-large:0px;--awb-spacing-right-large:5.76%;--awb-margin-bottom-large:20px;--awb-spacing-left-large:5.76%;--awb-width-medium:33.333333333333%;--awb-order-medium:0;--awb-spacing-right-medium:5.76%;--awb-spacing-left-medium:5.76%;--awb-width-small:100%;--awb-order-small:0;--awb-spacing-right-small:1.92%;--awb-spacing-left-small:1.92%;\"><div class=\"fusion-column-wrapper fusion-column-has-shadow fusion-flex-justify-content-flex-start fusion-content-layout-column\"><div class=\"fusion-image-element \" style=\"--awb-caption-title-font-family:var(--h2_typography-font-family);--awb-caption-title-font-weight:var(--h2_typography-font-weight);--awb-caption-title-font-style:var(--h2_typography-font-style);--awb-caption-title-size:var(--h2_typography-font-size);--awb-caption-title-transform:var(--h2_typography-text-transform);--awb-caption-title-line-height:var(--h2_typography-line-height);--awb-caption-title-letter-spacing:var(--h2_typography-letter-spacing);\"><span class=\" fusion-imageframe imageframe-none imageframe-1 hover-type-none\"><img decoding=\"async\" width=\"1000\" height=\"667\" title=\"_DSC6226\" src=\"https:\/\/www.woodenshoes.nl\/wp-content\/uploads\/2024\/12\/DSC6226.jpg\" data-orig-src=\"https:\/\/www.woodenshoes.nl\/wp-content\/uploads\/2024\/12\/DSC6226.jpg\" alt class=\"lazyload img-responsive wp-image-3492\" srcset=\"data:image\/svg+xml,%3Csvg%20xmlns%3D%27http%3A%2F%2Fwww.w3.org%2F2000%2Fsvg%27%20width%3D%271000%27%20height%3D%27667%27%20viewBox%3D%270%200%201000%20667%27%3E%3Crect%20width%3D%271000%27%20height%3D%27667%27%20fill-opacity%3D%220%22%2F%3E%3C%2Fsvg%3E\" data-srcset=\"https:\/\/www.woodenshoes.nl\/wp-content\/uploads\/2024\/12\/DSC6226-200x133.jpg 200w, https:\/\/www.woodenshoes.nl\/wp-content\/uploads\/2024\/12\/DSC6226-400x267.jpg 400w, https:\/\/www.woodenshoes.nl\/wp-content\/uploads\/2024\/12\/DSC6226-600x400.jpg 600w, https:\/\/www.woodenshoes.nl\/wp-content\/uploads\/2024\/12\/DSC6226-800x534.jpg 800w, https:\/\/www.woodenshoes.nl\/wp-content\/uploads\/2024\/12\/DSC6226.jpg 1000w\" data-sizes=\"auto\" data-orig-sizes=\"(max-width: 640px) 100vw, 400px\" \/><\/span><\/div><\/div><\/div><div class=\"fusion-layout-column fusion_builder_column fusion-builder-column-2 fusion_builder_column_1_3 1_3 fusion-flex-column\" style=\"--awb-bg-size:cover;--awb-width-large:33.333333333333%;--awb-margin-top-large:0px;--awb-spacing-right-large:5.76%;--awb-margin-bottom-large:20px;--awb-spacing-left-large:5.76%;--awb-width-medium:33.333333333333%;--awb-order-medium:0;--awb-spacing-right-medium:5.76%;--awb-spacing-left-medium:5.76%;--awb-width-small:100%;--awb-order-small:0;--awb-spacing-right-small:1.92%;--awb-spacing-left-small:1.92%;\"><div class=\"fusion-column-wrapper fusion-column-has-shadow fusion-flex-justify-content-flex-start fusion-content-layout-column\"><div class=\"fusion-image-element \" style=\"--awb-caption-title-font-family:var(--h2_typography-font-family);--awb-caption-title-font-weight:var(--h2_typography-font-weight);--awb-caption-title-font-style:var(--h2_typography-font-style);--awb-caption-title-size:var(--h2_typography-font-size);--awb-caption-title-transform:var(--h2_typography-text-transform);--awb-caption-title-line-height:var(--h2_typography-line-height);--awb-caption-title-letter-spacing:var(--h2_typography-letter-spacing);\"><span class=\" fusion-imageframe imageframe-none imageframe-2 hover-type-none\"><img decoding=\"async\" width=\"1000\" height=\"667\" title=\"_DSC6212\" src=\"https:\/\/www.woodenshoes.nl\/wp-content\/uploads\/2024\/12\/DSC6212.jpg\" data-orig-src=\"https:\/\/www.woodenshoes.nl\/wp-content\/uploads\/2024\/12\/DSC6212.jpg\" alt class=\"lazyload img-responsive wp-image-3482\" srcset=\"data:image\/svg+xml,%3Csvg%20xmlns%3D%27http%3A%2F%2Fwww.w3.org%2F2000%2Fsvg%27%20width%3D%271000%27%20height%3D%27667%27%20viewBox%3D%270%200%201000%20667%27%3E%3Crect%20width%3D%271000%27%20height%3D%27667%27%20fill-opacity%3D%220%22%2F%3E%3C%2Fsvg%3E\" data-srcset=\"https:\/\/www.woodenshoes.nl\/wp-content\/uploads\/2024\/12\/DSC6212-200x133.jpg 200w, https:\/\/www.woodenshoes.nl\/wp-content\/uploads\/2024\/12\/DSC6212-400x267.jpg 400w, https:\/\/www.woodenshoes.nl\/wp-content\/uploads\/2024\/12\/DSC6212-600x400.jpg 600w, https:\/\/www.woodenshoes.nl\/wp-content\/uploads\/2024\/12\/DSC6212-800x534.jpg 800w, https:\/\/www.woodenshoes.nl\/wp-content\/uploads\/2024\/12\/DSC6212.jpg 1000w\" data-sizes=\"auto\" data-orig-sizes=\"(max-width: 640px) 100vw, 400px\" \/><\/span><\/div><\/div><\/div><div class=\"fusion-layout-column fusion_builder_column fusion-builder-column-3 fusion_builder_column_1_3 1_3 fusion-flex-column\" style=\"--awb-bg-size:cover;--awb-width-large:33.333333333333%;--awb-margin-top-large:0px;--awb-spacing-right-large:5.76%;--awb-margin-bottom-large:20px;--awb-spacing-left-large:5.76%;--awb-width-medium:33.333333333333%;--awb-order-medium:0;--awb-spacing-right-medium:5.76%;--awb-spacing-left-medium:5.76%;--awb-width-small:100%;--awb-order-small:0;--awb-spacing-right-small:1.92%;--awb-spacing-left-small:1.92%;\"><div class=\"fusion-column-wrapper fusion-column-has-shadow fusion-flex-justify-content-flex-start fusion-content-layout-column\"><div class=\"fusion-image-element \" style=\"--awb-caption-title-font-family:var(--h2_typography-font-family);--awb-caption-title-font-weight:var(--h2_typography-font-weight);--awb-caption-title-font-style:var(--h2_typography-font-style);--awb-caption-title-size:var(--h2_typography-font-size);--awb-caption-title-transform:var(--h2_typography-text-transform);--awb-caption-title-line-height:var(--h2_typography-line-height);--awb-caption-title-letter-spacing:var(--h2_typography-letter-spacing);\"><span class=\" fusion-imageframe imageframe-none imageframe-3 hover-type-none\"><img decoding=\"async\" width=\"1000\" height=\"667\" title=\"_DSC6227\" src=\"https:\/\/www.woodenshoes.nl\/wp-content\/uploads\/2024\/12\/DSC6227.jpg\" data-orig-src=\"https:\/\/www.woodenshoes.nl\/wp-content\/uploads\/2024\/12\/DSC6227.jpg\" alt class=\"lazyload img-responsive wp-image-3502\" srcset=\"data:image\/svg+xml,%3Csvg%20xmlns%3D%27http%3A%2F%2Fwww.w3.org%2F2000%2Fsvg%27%20width%3D%271000%27%20height%3D%27667%27%20viewBox%3D%270%200%201000%20667%27%3E%3Crect%20width%3D%271000%27%20height%3D%27667%27%20fill-opacity%3D%220%22%2F%3E%3C%2Fsvg%3E\" data-srcset=\"https:\/\/www.woodenshoes.nl\/wp-content\/uploads\/2024\/12\/DSC6227-200x133.jpg 200w, https:\/\/www.woodenshoes.nl\/wp-content\/uploads\/2024\/12\/DSC6227-400x267.jpg 400w, https:\/\/www.woodenshoes.nl\/wp-content\/uploads\/2024\/12\/DSC6227-600x400.jpg 600w, https:\/\/www.woodenshoes.nl\/wp-content\/uploads\/2024\/12\/DSC6227-800x534.jpg 800w, https:\/\/www.woodenshoes.nl\/wp-content\/uploads\/2024\/12\/DSC6227.jpg 1000w\" data-sizes=\"auto\" data-orig-sizes=\"(max-width: 640px) 100vw, 400px\" \/><\/span><\/div><\/div><\/div><div class=\"fusion-layout-column fusion_builder_column fusion-builder-column-4 fusion_builder_column_4_5 4_5 fusion-flex-column fusion-flex-align-self-center\" style=\"--awb-bg-size:cover;--awb-width-large:80%;--awb-margin-top-large:0px;--awb-spacing-right-large:2.4%;--awb-margin-bottom-large:20px;--awb-spacing-left-large:2.4%;--awb-width-medium:80%;--awb-order-medium:0;--awb-spacing-right-medium:2.4%;--awb-spacing-left-medium:2.4%;--awb-width-small:100%;--awb-order-small:0;--awb-spacing-right-small:1.92%;--awb-spacing-left-small:1.92%;\" data-scroll-devices=\"small-visibility,medium-visibility,large-visibility\"><div class=\"fusion-column-wrapper fusion-column-has-shadow fusion-flex-justify-content-flex-start fusion-content-layout-column\"><div class=\"fusion-text fusion-text-3\"><p style=\"font-weight: 400; text-align: center;\">\u00a1Experimenta el encanto de la cultura holandesa en nuestro Taller de Pintura de Zapatos de Madera \u00abDe Zaanse Schans\u00bb! Conoce el tradicional oficio holand\u00e9s de pintar zapatos de madera y su rica historia. Perfecto para todas las edades, este taller pr\u00e1ctico te invita a crear tu propia obra maestra en un zapato de madera tradicional para llev\u00e1rtela despu\u00e9s a casa.  <\/p>\n<p style=\"font-weight: 400; text-align: center;\">Tanto si eres un pintor experimentado como un principiante, nuestro taller de pintura es adecuado para todos. Es una experiencia holandesa perfecta para compartir con amigos, familiares o compa\u00f1eros. Nuestro artista interno te dar\u00e1 la bienvenida y estar\u00e1 disponible, si lo necesitas, para ayudarte a hacer fluir tu creatividad.  <\/p>\n<h3 style=\"font-weight: 400; text-align: center;\">Aspectos destacados del taller:<\/h3>\n<p style=\"font-weight: 400; text-align: center;\"><strong>Libertad creativa:<\/strong><br \/>\n<em>Pinta tu propio zapato de madera \u00fanico con varios colores y dise\u00f1os, guiado por nuestro talentoso artista.<\/em><\/p>\n<p style=\"font-weight: 400; text-align: center;\"><strong>Perspectiva cultural:<\/strong><br \/>\n<em>Conoce la historia y la importancia de los zapatos de madera en el patrimonio holand\u00e9s.<\/em><\/p>\n<p style=\"font-weight: 400; text-align: center;\"><strong>Para toda la familia:<\/strong><br \/>\n<em>\u00a1Disfruta de una actividad divertida y atractiva en la que todos pueden participar!<\/em><\/p>\n<p style=\"font-weight: 400; text-align: center;\"><strong>Ll\u00e9vate a casa tu creaci\u00f3n:<\/strong><br \/>\n<em>Ll\u00e9vate a casa tu obra maestra art\u00edstica como preciado recuerdo y souvenir holand\u00e9s.<\/em><\/p>\n<p style=\"font-weight: 400; text-align: center;\"><strong>Varios horarios al d\u00eda:<\/strong><br \/>\n<em>Ofrecemos 4 franjas horarias al d\u00eda de 90 minutos cada una, tiempo m\u00e1s que suficiente para terminar tu zapato de madera \u00fanico y disfrutar de algunas delicias holandesas.<\/em><\/p>\n<h3 style=\"font-weight: 400; text-align: center;\">Entorno ideal<\/h3>\n<p style=\"font-weight: 400; text-align: center;\">Con el encantador tel\u00f3n de fondo de los molinos de viento y las hist\u00f3ricas casas de madera, el Taller de Zapato de Madera \u00abDe Zaanse Schans\u00bb mejora tu experiencia creativa. Explora el pintoresco pueblo antes o despu\u00e9s del taller para pasar un d\u00eda completo de inspiraci\u00f3n. No dejes de visitar nuestro museo del zapato de madera y la demostraci\u00f3n en vivo de fabricaci\u00f3n de zapatos de madera.  <\/p>\n<h3 style=\"font-weight: 400; text-align: center;\">C\u00f3mo reservar<\/h3>\n<p style=\"font-weight: 400; text-align: center;\">\u00bfListo para unirte a la diversi\u00f3n? Reservar tu plaza es f\u00e1cil: <\/p>\n<p style=\"text-align: center;\"><strong>Reserva en l\u00ednea:<\/strong> Reserva en l\u00ednea a trav\u00e9s del bot\u00f3n de abajo.<\/p>\n<p style=\"text-align: center;\"><strong>Selecciona tu fecha:<\/strong> Elige una fecha y hora que se ajusten a tu horario.<\/p>\n<p style=\"text-align: center;\"><strong>Completa tu reserva:<\/strong> Rellena tus datos para asegurar tu plaza.<\/p>\n<\/div><div class=\"fusion-separator fusion-full-width-sep\" style=\"align-self: center;margin-left: auto;margin-right: auto;margin-top:45px;width:100%;\"><\/div><div class=\"fusion-text fusion-text-4\"><p style=\"text-align: center;\"><strong>Compra tus entradas aqu\u00ed:<\/strong><\/p>\n<\/div><div style=\"text-align:center;\"><a class=\"fusion-button button-flat button-medium button-custom fusion-button-default button-2 fusion-button-span-no \" style=\"--button_accent_color:#496955;--button_border_color:#496955;--button_accent_hover_color:var(--awb-color1);--button_border_hover_color:var(--awb-color1);--button_border_width-top:2px;--button_border_width-right:2px;--button_border_width-bottom:2px;--button_border_width-left:2px;--button_gradient_top_color:rgba(255,255,255,0);--button_gradient_bottom_color:rgba(255,255,255,0);--button_gradient_top_color_hover:#496955;--button_gradient_bottom_color_hover:#496955;--button_text_transform:uppercase;--button_typography-letter-spacing:var(--awb-typography1-letter-spacing);--button_typography-font-family:&quot;Barlow&quot;;--button_typography-font-style:normal;--button_typography-font-weight:600;\" target=\"_blank\" rel=\"noopener noreferrer\" href=\"https:\/\/tickets.clogs.nl\/en-US\/tickets\"><span class=\"fusion-button-icon-divider button-icon-divider-left\"><i class=\"fa-arrow-right fas\" aria-hidden=\"true\"><\/i><\/span><span class=\"fusion-button-text fusion-button-text-left\">comprar entradas<\/span><\/a><\/div><div class=\"fusion-separator fusion-full-width-sep\" style=\"align-self: center;margin-left: auto;margin-right: auto;margin-top:35px;width:100%;\"><\/div><div class=\"fusion-text fusion-text-5\"><p style=\"font-weight: 400; text-align: center;\">Para cualquier consulta sobre grupos, env\u00edanos un correo electr\u00f3nico a: <a href=\"mailto:reservations@clogs.nl\">reservations@clogs.nl<\/a><\/p>\n<\/div><div class=\"fusion-separator fusion-full-width-sep\" style=\"align-self: center;margin-left: auto;margin-right: auto;margin-top:45px;width:100%;\"><\/div><div class=\"fusion-text fusion-text-6\"><h4 style=\"font-weight: 400; text-align: center;\"><em>\u00a1No te pierdas esta oportunidad inolvidable de crear arte y crear recuerdos duraderos! Reserva hoy mismo tu Taller de pintura de zapatos de madera y \u00a1deja que brille tu creatividad! <\/em><\/h4>\n<\/div><\/div><\/div><\/div><\/div>\n","protected":false},"excerpt":{"rendered":"","protected":false},"author":1,"featured_media":0,"parent":0,"menu_order":0,"comment_status":"closed","ping_status":"closed","template":"","meta":{"footnotes":""},"class_list":["post-3442","page","type-page","status-publish","hentry"],"yoast_head":"<!-- This site is optimized with the Yoast SEO plugin v27.1.1 - https:\/\/yoast.com\/product\/yoast-seo-wordpress\/ -->\n<title>Taller de pintura - woodenshoes<\/title>\n<meta name=\"robots\" content=\"index, follow, max-snippet:-1, max-image-preview:large, max-video-preview:-1\" \/>\n<link rel=\"canonical\" href=\"https:\/\/www.woodenshoes.nl\/es\/talleres-de-pintura\/\" \/>\n<meta property=\"og:locale\" content=\"es_ES\" \/>\n<meta property=\"og:type\" content=\"article\" \/>\n<meta property=\"og:title\" content=\"Taller de pintura - woodenshoes\" \/>\n<meta property=\"og:url\" content=\"https:\/\/www.woodenshoes.nl\/es\/talleres-de-pintura\/\" \/>\n<meta property=\"og:site_name\" content=\"woodenshoes\" \/>\n<meta property=\"article:modified_time\" content=\"2025-03-10T14:27:59+00:00\" \/>\n<meta name=\"twitter:card\" content=\"summary_large_image\" \/>\n<meta name=\"twitter:label1\" content=\"Tiempo de lectura\" \/>\n\t<meta name=\"twitter:data1\" content=\"2 minutos\" \/>\n<script type=\"application\/ld+json\" class=\"yoast-schema-graph\">{\"@context\":\"https:\/\/schema.org\",\"@graph\":[{\"@type\":\"WebPage\",\"@id\":\"https:\/\/www.woodenshoes.nl\/es\/talleres-de-pintura\/\",\"url\":\"https:\/\/www.woodenshoes.nl\/es\/talleres-de-pintura\/\",\"name\":\"Taller de pintura - woodenshoes\",\"isPartOf\":{\"@id\":\"https:\/\/www.woodenshoes.nl\/#website\"},\"datePublished\":\"2024-12-01T12:01:37+00:00\",\"dateModified\":\"2025-03-10T14:27:59+00:00\",\"breadcrumb\":{\"@id\":\"https:\/\/www.woodenshoes.nl\/es\/talleres-de-pintura\/#breadcrumb\"},\"inLanguage\":\"es\",\"potentialAction\":[{\"@type\":\"ReadAction\",\"target\":[\"https:\/\/www.woodenshoes.nl\/es\/talleres-de-pintura\/\"]}]},{\"@type\":\"BreadcrumbList\",\"@id\":\"https:\/\/www.woodenshoes.nl\/es\/talleres-de-pintura\/#breadcrumb\",\"itemListElement\":[{\"@type\":\"ListItem\",\"position\":1,\"name\":\"Home\",\"item\":\"https:\/\/www.woodenshoes.nl\/es\/\"},{\"@type\":\"ListItem\",\"position\":2,\"name\":\"Taller de pintura\"}]},{\"@type\":\"WebSite\",\"@id\":\"https:\/\/www.woodenshoes.nl\/#website\",\"url\":\"https:\/\/www.woodenshoes.nl\/\",\"name\":\"woodenshoes\",\"description\":\"woodenshoes\",\"potentialAction\":[{\"@type\":\"SearchAction\",\"target\":{\"@type\":\"EntryPoint\",\"urlTemplate\":\"https:\/\/www.woodenshoes.nl\/?s={search_term_string}\"},\"query-input\":{\"@type\":\"PropertyValueSpecification\",\"valueRequired\":true,\"valueName\":\"search_term_string\"}}],\"inLanguage\":\"es\"}]}<\/script>\n<!-- \/ Yoast SEO plugin. -->","yoast_head_json":{"title":"Taller de pintura - woodenshoes","robots":{"index":"index","follow":"follow","max-snippet":"max-snippet:-1","max-image-preview":"max-image-preview:large","max-video-preview":"max-video-preview:-1"},"canonical":"https:\/\/www.woodenshoes.nl\/es\/talleres-de-pintura\/","og_locale":"es_ES","og_type":"article","og_title":"Taller de pintura - woodenshoes","og_url":"https:\/\/www.woodenshoes.nl\/es\/talleres-de-pintura\/","og_site_name":"woodenshoes","article_modified_time":"2025-03-10T14:27:59+00:00","twitter_card":"summary_large_image","twitter_misc":{"Tiempo de lectura":"2 minutos"},"schema":{"@context":"https:\/\/schema.org","@graph":[{"@type":"WebPage","@id":"https:\/\/www.woodenshoes.nl\/es\/talleres-de-pintura\/","url":"https:\/\/www.woodenshoes.nl\/es\/talleres-de-pintura\/","name":"Taller de pintura - woodenshoes","isPartOf":{"@id":"https:\/\/www.woodenshoes.nl\/#website"},"datePublished":"2024-12-01T12:01:37+00:00","dateModified":"2025-03-10T14:27:59+00:00","breadcrumb":{"@id":"https:\/\/www.woodenshoes.nl\/es\/talleres-de-pintura\/#breadcrumb"},"inLanguage":"es","potentialAction":[{"@type":"ReadAction","target":["https:\/\/www.woodenshoes.nl\/es\/talleres-de-pintura\/"]}]},{"@type":"BreadcrumbList","@id":"https:\/\/www.woodenshoes.nl\/es\/talleres-de-pintura\/#breadcrumb","itemListElement":[{"@type":"ListItem","position":1,"name":"Home","item":"https:\/\/www.woodenshoes.nl\/es\/"},{"@type":"ListItem","position":2,"name":"Taller de pintura"}]},{"@type":"WebSite","@id":"https:\/\/www.woodenshoes.nl\/#website","url":"https:\/\/www.woodenshoes.nl\/","name":"woodenshoes","description":"woodenshoes","potentialAction":[{"@type":"SearchAction","target":{"@type":"EntryPoint","urlTemplate":"https:\/\/www.woodenshoes.nl\/?s={search_term_string}"},"query-input":{"@type":"PropertyValueSpecification","valueRequired":true,"valueName":"search_term_string"}}],"inLanguage":"es"}]}},"_links":{"self":[{"href":"https:\/\/www.woodenshoes.nl\/es\/wp-json\/wp\/v2\/pages\/3442","targetHints":{"allow":["GET"]}}],"collection":[{"href":"https:\/\/www.woodenshoes.nl\/es\/wp-json\/wp\/v2\/pages"}],"about":[{"href":"https:\/\/www.woodenshoes.nl\/es\/wp-json\/wp\/v2\/types\/page"}],"author":[{"embeddable":true,"href":"https:\/\/www.woodenshoes.nl\/es\/wp-json\/wp\/v2\/users\/1"}],"replies":[{"embeddable":true,"href":"https:\/\/www.woodenshoes.nl\/es\/wp-json\/wp\/v2\/comments?post=3442"}],"version-history":[{"count":7,"href":"https:\/\/www.woodenshoes.nl\/es\/wp-json\/wp\/v2\/pages\/3442\/revisions"}],"predecessor-version":[{"id":3620,"href":"https:\/\/www.woodenshoes.nl\/es\/wp-json\/wp\/v2\/pages\/3442\/revisions\/3620"}],"wp:attachment":[{"href":"https:\/\/www.woodenshoes.nl\/es\/wp-json\/wp\/v2\/media?parent=3442"}],"curies":[{"name":"wp","href":"https:\/\/api.w.org\/{rel}","templated":true}]}}